{"id":43,"date":"2024-09-08T19:50:41","date_gmt":"2024-09-08T17:50:41","guid":{"rendered":"https:\/\/gymsnowsports.ch\/wordpress\/?page_id=43"},"modified":"2025-12-07T16:42:05","modified_gmt":"2025-12-07T15:42:05","slug":"kursinformationen","status":"publish","type":"page","link":"https:\/\/gymsnowsports.ch\/wordpress\/index.php\/kursinformationen\/","title":{"rendered":"Kursinformationen"},"content":{"rendered":"<h5>MF 2025<\/h5>\n<h2>Modul Fortbildung Ski, Telemark und Snowboard 2025<\/h2>\n<h3>Sa.\/So., 13.\/14. Dezember 2025 in Engelberg<\/h3>\n<h4>Teilnehmende:<\/h4>\n<ul>\n<li>Ski-, Telemark- und Snowboardlehrer (alle Stufen Swiss Snowsports und Jugend+Sport-Leiter) zur Erf\u00fcllung der FK-Pflicht.<\/li>\n<li>Interessierte Skifahrer und Snowboarder, die in die Schneesportlehrer-Ausbildung einsteigen oder den neusten Ausbildungsstand im Schneesport erfahren m\u00f6chten.<\/li>\n<\/ul>\n<h4>Programm gem\u00e4ss Richtlinien Swiss Snowsports und Jugend+Sport.<\/h4>\n<p>Der Kurs findet im attraktiven Skigebiet Titlis\/Engelberg statt \u2013 \u00fcbernachtet wird in der Pension St. Jakob und im daneben liegenden Hotel Espen. Mahlzeiten sind gemeinsam im Hotel Espen.<br \/>\nEine Anreise am Freitagabend ist m\u00f6glich.<br \/>\nNeu dieses Jahr kann f\u00fcr die \u00dcbernachtung ein Platz in einem Mehrbettzimmer (Nordisch Schlafen) reserviert werden und bei einer \u00dcbernachtung im Doppelzimmer kann zwischen der Pension St. Jakob und dem Hotel Espen ausgew\u00e4hlt werden.<\/p>\n<p>Es ist m\u00f6glich am Kurs ohne \u00dcbernachtung teilzunehmen.<\/p>\n<h4>Kurskosten\/Preisliste pro Person:<\/h4>\n<h5>\u00dcbernachtung:<br \/>\n1 Nacht im Mehrbettzimmer mit Halbpension im Hotel Espen CHF 106<br \/>\n1 Nacht im Doppelz. mit Du\/WC\/Halbpension in der Pension St. Jakob CHF 145<br \/>\n1 Nacht im Doppelz. mit Du\/WC\/Halbpension im Hotel Espen CHF 160<\/h5>\n<h5>Skipass:<br \/>\nF\u00fcr 2 Tage CHF in Abkl\u00e4rung<\/h5>\n<h5>Fortbildungskurs (Kurs auf Schnee):<br \/>\nF\u00fcr Vereinsmitglieder CHF 110<br \/>\nF\u00fcr Nichtmitglieder CHF 170<br \/>\nFK-Marke Swiss Snowsports CHF 10<\/h5>\n<h5>Jahresbeitrag Gym Snowsports CHF 40<\/h5>\n<h5>Bei einer Abmeldung ohne Arztzeugnis 0 \u2013 20 Tage vor dem Kurs wird<br \/>\nein Unkostenbeitrag von CHF 80 in Rechnung gestellt.<\/h5>\n<h4>Anmeldeschluss: Donnerstag, 20. November 2025<br \/>\n&#8211;&gt;<a href=\"https:\/\/forms.office.com\/Pages\/ResponsePage.aspx?id=Jyo3dPBz9EC593_Q1zaaVMaLNoN42xJMkw6k8kN55elUMlNNU1NPOUlLTkxPTTEwTlBWNE5ONUwwSi4u\"> hier geht es zur Anmeldung<\/a><\/h4>\n<h5><\/h5>\n","protected":false},"excerpt":{"rendered":"<p>MF 2025 Modul Fortbildung Ski, Telemark und Snowboard 2025 Sa.\/So., 13.\/14. Dezember 2025 in Engelberg Teilnehmende: Ski-, Telemark- und Snowboardlehrer (alle Stufen Swiss Snowsports und Jugend+Sport-Leiter) zur Erf\u00fcllung der FK-Pflicht. Interessierte Skifahrer und Snowboarder, die in die Schneesportlehrer-Ausbildung einsteigen oder den neusten Ausbildungsstand im Schneesport erfahren m\u00f6chten. Programm gem\u00e4ss Richtlinien Swiss Snowsports und Jugend+Sport. Der [&hellip;]<\/p>\n","protected":false},"author":1,"featured_media":48,"parent":0,"menu_order":0,"comment_status":"closed","ping_status":"closed","template":"","meta":{"footnotes":""},"class_list":["post-43","page","type-page","status-publish","has-post-thumbnail","hentry"],"_links":{"self":[{"href":"https:\/\/gymsnowsports.ch\/wordpress\/index.php\/wp-json\/wp\/v2\/pages\/43","targetHints":{"allow":["GET"]}}],"collection":[{"href":"https:\/\/gymsnowsports.ch\/wordpress\/index.php\/wp-json\/wp\/v2\/pages"}],"about":[{"href":"https:\/\/gymsnowsports.ch\/wordpress\/index.php\/wp-json\/wp\/v2\/types\/page"}],"author":[{"embeddable":true,"href":"https:\/\/gymsnowsports.ch\/wordpress\/index.php\/wp-json\/wp\/v2\/users\/1"}],"replies":[{"embeddable":true,"href":"https:\/\/gymsnowsports.ch\/wordpress\/index.php\/wp-json\/wp\/v2\/comments?post=43"}],"version-history":[{"count":23,"href":"https:\/\/gymsnowsports.ch\/wordpress\/index.php\/wp-json\/wp\/v2\/pages\/43\/revisions"}],"predecessor-version":[{"id":92,"href":"https:\/\/gymsnowsports.ch\/wordpress\/index.php\/wp-json\/wp\/v2\/pages\/43\/revisions\/92"}],"wp:featuredmedia":[{"embeddable":true,"href":"https:\/\/gymsnowsports.ch\/wordpress\/index.php\/wp-json\/wp\/v2\/media\/48"}],"wp:attachment":[{"href":"https:\/\/gymsnowsports.ch\/wordpress\/index.php\/wp-json\/wp\/v2\/media?parent=43"}],"curies":[{"name":"wp","href":"https:\/\/api.w.org\/{rel}","templated":true}]}}