{"id":8,"date":"2024-07-04T20:12:50","date_gmt":"2024-07-04T20:12:50","guid":{"rendered":"https:\/\/gymsnowsports.ch\/wordpress\/?page_id=8"},"modified":"2025-09-01T20:39:17","modified_gmt":"2025-09-01T18:39:17","slug":"fortbildungskurs-ski-telemark-und-snowboard","status":"publish","type":"page","link":"https:\/\/gymsnowsports.ch\/wordpress\/","title":{"rendered":"Gymsnowsports"},"content":{"rendered":"<h1>Fortbildungskurs Ski, Telemark und Snowboard<\/h1>\n<h1><span style=\"font-size: 18.0pt; color: blue;\">Engelberg<\/span><\/h1>\n<h1><span style=\"font-size: 18.0pt; color: blue;\"><span style=\"vertical-align: inherit;\">13.\/14. Dezember 2025<\/span><\/span><\/h1>\n<p>Bist du Skilehrerin oder Skilehrer?<br \/>\n<span style=\"vertical-align: inherit;\">oder\/und<br \/>\n<\/span><span style=\"vertical-align: inherit;\">Hast du einen J+S-Leiterkurs?<\/span><\/p>\n<p><span style=\"vertical-align: inherit;\">Musst du deine FK-Pflicht erf\u00fcllen?<\/span><\/p>\n<p><span style=\"vertical-align: inherit;\">Oder<\/span><\/p>\n<p><span style=\"vertical-align: inherit;\">Bist du einfach am Ski, Telemark und Snowboarden interessiert<br \/>\n<\/span><span style=\"vertical-align: inherit;\">und m\u00f6chtest deine Technik und<br \/>\n<\/span><span style=\"vertical-align: inherit;\">deine p\u00e4dagogischen Fertigkeiten vertiefen?<\/span><\/p>\n<p><span style=\"color: black;\"><span style=\"vertical-align: inherit;\">Dann melde dich doch bald an. &#8211;&gt; <\/span><\/span><span style=\"color: white;\"><a href=\"https:\/\/forms.office.com\/Pages\/ResponsePage.aspx?id=Jyo3dPBz9EC593_Q1zaaVMaLNoN42xJMkw6k8kN55elUMlNNU1NPOUlLTkxPTTEwTlBWNE5ONUwwSi4u\"><span style=\"color: #339966;\"><span style=\"vertical-align: inherit;\">Anmeldeformular<\/span><\/span><\/a><\/span><\/p>\n<p><span style=\"vertical-align: inherit;\">Genauere Infos findest du unter&#8211;&gt; <a href=\"https:\/\/gymsnowsports.ch\/wordpress\/index.php\/kursinformationen\/\"><span style=\"color: green;\">Kursinformationen<\/span><\/a><\/span><\/p>\n","protected":false},"excerpt":{"rendered":"<p>Fortbildungskurs Ski, Telemark und Snowboard Engelberg 13.\/14. Dezember 2025 Bist du Skilehrerin oder Skilehrer? oder\/und Hast du einen J+S-Leiterkurs? Musst du deine FK-Pflicht erf\u00fcllen? Oder Bist du einfach am Ski, Telemark und Snowboarden interessiert und m\u00f6chtest deine Technik und deine p\u00e4dagogischen Fertigkeiten vertiefen? Dann melde dich doch bald an. &#8211;&gt; Anmeldeformular Genauere Infos findest du [&hellip;]<\/p>\n","protected":false},"author":1,"featured_media":13,"parent":0,"menu_order":0,"comment_status":"closed","ping_status":"closed","template":"","meta":{"footnotes":""},"class_list":["post-8","page","type-page","status-publish","has-post-thumbnail","hentry"],"_links":{"self":[{"href":"https:\/\/gymsnowsports.ch\/wordpress\/index.php\/wp-json\/wp\/v2\/pages\/8","targetHints":{"allow":["GET"]}}],"collection":[{"href":"https:\/\/gymsnowsports.ch\/wordpress\/index.php\/wp-json\/wp\/v2\/pages"}],"about":[{"href":"https:\/\/gymsnowsports.ch\/wordpress\/index.php\/wp-json\/wp\/v2\/types\/page"}],"author":[{"embeddable":true,"href":"https:\/\/gymsnowsports.ch\/wordpress\/index.php\/wp-json\/wp\/v2\/users\/1"}],"replies":[{"embeddable":true,"href":"https:\/\/gymsnowsports.ch\/wordpress\/index.php\/wp-json\/wp\/v2\/comments?post=8"}],"version-history":[{"count":12,"href":"https:\/\/gymsnowsports.ch\/wordpress\/index.php\/wp-json\/wp\/v2\/pages\/8\/revisions"}],"predecessor-version":[{"id":83,"href":"https:\/\/gymsnowsports.ch\/wordpress\/index.php\/wp-json\/wp\/v2\/pages\/8\/revisions\/83"}],"wp:featuredmedia":[{"embeddable":true,"href":"https:\/\/gymsnowsports.ch\/wordpress\/index.php\/wp-json\/wp\/v2\/media\/13"}],"wp:attachment":[{"href":"https:\/\/gymsnowsports.ch\/wordpress\/index.php\/wp-json\/wp\/v2\/media?parent=8"}],"curies":[{"name":"wp","href":"https:\/\/api.w.org\/{rel}","templated":true}]}}